{"id":74,"date":"2025-07-14T09:49:20","date_gmt":"2025-07-14T09:49:20","guid":{"rendered":"https:\/\/www.mrdixital.com\/?page_id=74"},"modified":"2025-07-14T13:38:29","modified_gmt":"2025-07-14T13:38:29","slug":"contacto","status":"publish","type":"page","link":"https:\/\/www.mrdixital.com\/?page_id=74","title":{"rendered":"Contacto"},"content":{"rendered":"\n<figure class=\"wp-block-image size-large\"><img loading=\"lazy\" decoding=\"async\" width=\"1024\" height=\"790\" src=\"https:\/\/www.mrdixital.com\/wp-content\/uploads\/2025\/07\/Captura-de-pantalla-2025-07-14-111753-1024x790.png\" alt=\"ubicacion\" class=\"wp-image-63\" srcset=\"https:\/\/www.mrdixital.com\/wp-content\/uploads\/2025\/07\/Captura-de-pantalla-2025-07-14-111753-1024x790.png 1024w, https:\/\/www.mrdixital.com\/wp-content\/uploads\/2025\/07\/Captura-de-pantalla-2025-07-14-111753-300x231.png 300w, https:\/\/www.mrdixital.com\/wp-content\/uploads\/2025\/07\/Captura-de-pantalla-2025-07-14-111753-768x593.png 768w, https:\/\/www.mrdixital.com\/wp-content\/uploads\/2025\/07\/Captura-de-pantalla-2025-07-14-111753.png 1160w\" sizes=\"auto, (max-width: 1024px) 100vw, 1024px\" \/><\/figure>\n\n\n\n<p>PRAZA DA MINA, N\u00ba13 &#8211; TOMI\u00d1O<\/p>\n\n\n\n<p>Cont\u00e1ctanos a trav\u00e9s de whatsapp en el <strong>607 686 486<\/strong><\/p>\n","protected":false},"excerpt":{"rendered":"<p>PRAZA DA MINA, N\u00ba13 &#8211; TOMI\u00d1O Cont\u00e1ctanos a trav\u00e9s de whatsapp en el 607 686 486<\/p>\n","protected":false},"author":1,"featured_media":0,"parent":0,"menu_order":0,"comment_status":"closed","ping_status":"closed","template":"","meta":{"footnotes":""},"class_list":["post-74","page","type-page","status-publish","hentry"],"_links":{"self":[{"href":"https:\/\/www.mrdixital.com\/index.php?rest_route=\/wp\/v2\/pages\/74","targetHints":{"allow":["GET"]}}],"collection":[{"href":"https:\/\/www.mrdixital.com\/index.php?rest_route=\/wp\/v2\/pages"}],"about":[{"href":"https:\/\/www.mrdixital.com\/index.php?rest_route=\/wp\/v2\/types\/page"}],"author":[{"embeddable":true,"href":"https:\/\/www.mrdixital.com\/index.php?rest_route=\/wp\/v2\/users\/1"}],"replies":[{"embeddable":true,"href":"https:\/\/www.mrdixital.com\/index.php?rest_route=%2Fwp%2Fv2%2Fcomments&post=74"}],"version-history":[{"count":5,"href":"https:\/\/www.mrdixital.com\/index.php?rest_route=\/wp\/v2\/pages\/74\/revisions"}],"predecessor-version":[{"id":91,"href":"https:\/\/www.mrdixital.com\/index.php?rest_route=\/wp\/v2\/pages\/74\/revisions\/91"}],"wp:attachment":[{"href":"https:\/\/www.mrdixital.com\/index.php?rest_route=%2Fwp%2Fv2%2Fmedia&parent=74"}],"curies":[{"name":"wp","href":"https:\/\/api.w.org\/{rel}","templated":true}]}}